{"id":11057,"date":"2024-02-06T13:49:36","date_gmt":"2024-02-06T16:49:36","guid":{"rendered":"https:\/\/pllaw.com.br\/?page_id=11057"},"modified":"2025-03-07T09:09:40","modified_gmt":"2025-03-07T12:09:40","slug":"socio-da-pllaw","status":"publish","type":"page","link":"https:\/\/pllaw.com.br\/index.php\/socio-da-pllaw\/","title":{"rendered":"S\u00f3cio"},"content":{"rendered":"<p>[vc_row css=&#8221;.vc_custom_1741349352622{margin-top: 0px !important;margin-right: 0px !important;margin-bottom: 0px !important;border-top-width: 0px !important;border-right-width: 0px !important;border-bottom-width: 0px !important;padding-top: 0px !important;padding-right: 0px !important;padding-bottom: 0px !important;}&#8221;][vc_column css=&#8221;.vc_custom_1741349364950{margin-top: 0px !important;margin-right: 0px !important;margin-bottom: 0px !important;border-top-width: 0px !important;border-right-width: 0px !important;border-bottom-width: 0px !important;padding-top: 0px !important;padding-right: 0px !important;padding-bottom: 0px !important;background-color: #000000 !important;}&#8221;][vc_single_image image=&#8221;11188&#8243; img_size=&#8221;900&#215;900&#8243; alignment=&#8221;center&#8221; css_animation=&#8221;bottom-to-top&#8221;]<div class=\"tm-element-heading-wrapper tm-heading-inner tm-element-align-center tm-heading-with-separator \">[vc_cta h2=\"Angelo Pessoa\"  use_custom_fonts_h2=\"true\"  h2_font_container=\"color:%23dd9933\"  h2_google_fonts=\"font_family:Arimo%3Aregular%2Citalic%2C700%2C700italic|font_style:700%20bold%20regular%3A700%3Anormal\"  h4_google_fonts=\"font_family:Lato%3A100%2C100italic%2C300%2C300italic%2Cregular%2Citalic%2C700%2C700italic%2C900%2C900italic|font_style:300%20light%20regular%3A300%3Anormal\"  txt_align=\"center\"  heading_sep=\"yes\"  i_css_animation=\"\" css_animation=\"\"][\/vc_cta]<\/div> <!-- .tm-element-heading-wrapper container --> [vc_column_text]I am text block. Click edit button to change this text. Lorem ipsum dolor sit amet, consectetur adipiscing elit. Ut elit tellus, luctus nec ullamcorper mattis, pulvinar dapibus leo.<\/p>\n<p>I am text block. Click edit button to change this text. Lorem ipsum dolor sit amet, consectetur adipiscing elit. Ut elit tellus, luctus nec ullamcorper mattis, pulvinar dapibus leo.<\/p>\n<p>&nbsp;<\/p>\n<p>I am text block. Click edit button to change this text. Lorem ipsum dolor sit amet, consectetur adipiscing elit. Ut elit tellus, luctus nec ullamcorper mattis, pulvinar dapibus leo.<\/p>\n<p>I am text block. Click edit button to change this text. Lorem ipsum dolor sit amet, consectetur adipiscing elit. Ut elit tellus, luctus nec ullamcorper mattis, pulvinar dapibus leo.[\/vc_column_text][\/vc_column][\/vc_row]<\/p>\n","protected":false},"excerpt":{"rendered":"<p>[vc_row css=&#8221;.vc_custom_1741349352622{margin-top: 0px !important;margin-right: 0px !important;margin-bottom: 0px !important;border-top-width: 0px !important;border-right-width: 0px !important;border-bottom-width: 0px !important;padding-top: 0px !important;padding-right: 0px !important;padding-bottom: 0px !important;}&#8221;][vc_column css=&#8221;.vc_custom_1741349364950{margin-top: 0px !important;margin-right: 0px !important;margin-bottom: 0px !important;border-top-width: 0px !important;border-right-width: 0px !important;border-bottom-width: 0px !important;padding-top: 0px !important;padding-right: 0px !important;padding-bottom: 0px !important;background-color: #000000 !important;}&#8221;][vc_single_image image=&#8221;11188&#8243; img_size=&#8221;900&#215;900&#8243; alignment=&#8221;center&#8221; css_animation=&#8221;bottom-to-top&#8221;][vc_column_text]I am text block. Click edit button to change this text. [&hellip;]<\/p>\n","protected":false},"author":1,"featured_media":0,"parent":0,"menu_order":0,"comment_status":"closed","ping_status":"closed","template":"","meta":{"footnotes":""},"class_list":["post-11057","page","type-page","status-publish","hentry"],"yoast_head":"<!-- This site is optimized with the Yoast SEO plugin v24.6 - https:\/\/yoast.com\/wordpress\/plugins\/seo\/ -->\n<title>S\u00f3cio - Pllaw<\/title>\n<meta name=\"description\" content=\"Venha conhecer nosso s\u00f3cio, pronto para lhe atender da melhor forma e tirar todas as suas duvidas, al\u00e9m de ter muita expertise no assunto.\" \/>\n<meta name=\"robots\" content=\"index, follow, max-snippet:-1, max-image-preview:large, max-video-preview:-1\" \/>\n<link rel=\"canonical\" href=\"https:\/\/pllaw.com.br\/index.php\/socio-da-pllaw\/\" \/>\n<meta property=\"og:locale\" content=\"pt_BR\" \/>\n<meta property=\"og:type\" content=\"article\" \/>\n<meta property=\"og:title\" content=\"S\u00f3cio - Pllaw\" \/>\n<meta property=\"og:description\" content=\"Venha conhecer nosso s\u00f3cio, pronto para lhe atender da melhor forma e tirar todas as suas duvidas, al\u00e9m de ter muita expertise no assunto.\" \/>\n<meta property=\"og:url\" content=\"https:\/\/pllaw.com.br\/index.php\/socio-da-pllaw\/\" \/>\n<meta property=\"og:site_name\" content=\"Pllaw\" \/>\n<meta property=\"article:publisher\" content=\"https:\/\/www.facebook.com\/people\/Angelo-Pllaw\/pfbid028VJUY3kZ4D4ZMXXqki7bta8rZCiFN4YeZL7FQKzJTL9WME3gKAmo8La8CcXzAEZyl\/\" \/>\n<meta property=\"article:modified_time\" content=\"2025-03-07T12:09:40+00:00\" \/>\n<meta property=\"og:image\" content=\"https:\/\/pllaw.com.br\/wp-content\/uploads\/2024\/02\/PLLAW-OK-02-1.png\" \/>\n\t<meta property=\"og:image:width\" content=\"960\" \/>\n\t<meta property=\"og:image:height\" content=\"962\" \/>\n\t<meta property=\"og:image:type\" content=\"image\/png\" \/>\n<meta name=\"twitter:card\" content=\"summary_large_image\" \/>\n<meta name=\"twitter:site\" content=\"@PllawDigi\" \/>\n<meta name=\"twitter:label1\" content=\"Est. tempo de leitura\" \/>\n\t<meta name=\"twitter:data1\" content=\"1 minuto\" \/>\n<script type=\"application\/ld+json\" class=\"yoast-schema-graph\">{\"@context\":\"https:\/\/schema.org\",\"@graph\":[{\"@type\":\"WebPage\",\"@id\":\"https:\/\/pllaw.com.br\/index.php\/socio-da-pllaw\/\",\"url\":\"https:\/\/pllaw.com.br\/index.php\/socio-da-pllaw\/\",\"name\":\"S\u00f3cio - Pllaw\",\"isPartOf\":{\"@id\":\"https:\/\/pllaw.com.br\/#website\"},\"datePublished\":\"2024-02-06T16:49:36+00:00\",\"dateModified\":\"2025-03-07T12:09:40+00:00\",\"description\":\"Venha conhecer nosso s\u00f3cio, pronto para lhe atender da melhor forma e tirar todas as suas duvidas, al\u00e9m de ter muita expertise no assunto.\",\"breadcrumb\":{\"@id\":\"https:\/\/pllaw.com.br\/index.php\/socio-da-pllaw\/#breadcrumb\"},\"inLanguage\":\"pt-BR\",\"potentialAction\":[{\"@type\":\"ReadAction\",\"target\":[\"https:\/\/pllaw.com.br\/index.php\/socio-da-pllaw\/\"]}]},{\"@type\":\"BreadcrumbList\",\"@id\":\"https:\/\/pllaw.com.br\/index.php\/socio-da-pllaw\/#breadcrumb\",\"itemListElement\":[{\"@type\":\"ListItem\",\"position\":1,\"name\":\"In\u00edcio\",\"item\":\"https:\/\/pllaw.com.br\/\"},{\"@type\":\"ListItem\",\"position\":2,\"name\":\"S\u00f3cio\"}]},{\"@type\":\"WebSite\",\"@id\":\"https:\/\/pllaw.com.br\/#website\",\"url\":\"https:\/\/pllaw.com.br\/\",\"name\":\"pllaw\",\"description\":\"Site de Advocacia\",\"publisher\":{\"@id\":\"https:\/\/pllaw.com.br\/#organization\"},\"alternateName\":\"PL\",\"potentialAction\":[{\"@type\":\"SearchAction\",\"target\":{\"@type\":\"EntryPoint\",\"urlTemplate\":\"https:\/\/pllaw.com.br\/?s={search_term_string}\"},\"query-input\":{\"@type\":\"PropertyValueSpecification\",\"valueRequired\":true,\"valueName\":\"search_term_string\"}}],\"inLanguage\":\"pt-BR\"},{\"@type\":\"Organization\",\"@id\":\"https:\/\/pllaw.com.br\/#organization\",\"name\":\"Pllaw\",\"alternateName\":\"PL\",\"url\":\"https:\/\/pllaw.com.br\/\",\"logo\":{\"@type\":\"ImageObject\",\"inLanguage\":\"pt-BR\",\"@id\":\"https:\/\/pllaw.com.br\/#\/schema\/logo\/image\/\",\"url\":\"https:\/\/pllaw.com.br\/wp-content\/uploads\/2024\/02\/PLLAW-OK-02.png\",\"contentUrl\":\"https:\/\/pllaw.com.br\/wp-content\/uploads\/2024\/02\/PLLAW-OK-02.png\",\"width\":960,\"height\":962,\"caption\":\"Pllaw\"},\"image\":{\"@id\":\"https:\/\/pllaw.com.br\/#\/schema\/logo\/image\/\"},\"sameAs\":[\"https:\/\/www.facebook.com\/people\/Angelo-Pllaw\/pfbid028VJUY3kZ4D4ZMXXqki7bta8rZCiFN4YeZL7FQKzJTL9WME3gKAmo8La8CcXzAEZyl\/\",\"https:\/\/x.com\/PllawDigi\"]}]}<\/script>\n<!-- \/ Yoast SEO plugin. -->","yoast_head_json":{"title":"S\u00f3cio - Pllaw","description":"Venha conhecer nosso s\u00f3cio, pronto para lhe atender da melhor forma e tirar todas as suas duvidas, al\u00e9m de ter muita expertise no assunto.","robots":{"index":"index","follow":"follow","max-snippet":"max-snippet:-1","max-image-preview":"max-image-preview:large","max-video-preview":"max-video-preview:-1"},"canonical":"https:\/\/pllaw.com.br\/index.php\/socio-da-pllaw\/","og_locale":"pt_BR","og_type":"article","og_title":"S\u00f3cio - Pllaw","og_description":"Venha conhecer nosso s\u00f3cio, pronto para lhe atender da melhor forma e tirar todas as suas duvidas, al\u00e9m de ter muita expertise no assunto.","og_url":"https:\/\/pllaw.com.br\/index.php\/socio-da-pllaw\/","og_site_name":"Pllaw","article_publisher":"https:\/\/www.facebook.com\/people\/Angelo-Pllaw\/pfbid028VJUY3kZ4D4ZMXXqki7bta8rZCiFN4YeZL7FQKzJTL9WME3gKAmo8La8CcXzAEZyl\/","article_modified_time":"2025-03-07T12:09:40+00:00","og_image":[{"width":960,"height":962,"url":"https:\/\/pllaw.com.br\/wp-content\/uploads\/2024\/02\/PLLAW-OK-02-1.png","type":"image\/png"}],"twitter_card":"summary_large_image","twitter_site":"@PllawDigi","twitter_misc":{"Est. tempo de leitura":"1 minuto"},"schema":{"@context":"https:\/\/schema.org","@graph":[{"@type":"WebPage","@id":"https:\/\/pllaw.com.br\/index.php\/socio-da-pllaw\/","url":"https:\/\/pllaw.com.br\/index.php\/socio-da-pllaw\/","name":"S\u00f3cio - Pllaw","isPartOf":{"@id":"https:\/\/pllaw.com.br\/#website"},"datePublished":"2024-02-06T16:49:36+00:00","dateModified":"2025-03-07T12:09:40+00:00","description":"Venha conhecer nosso s\u00f3cio, pronto para lhe atender da melhor forma e tirar todas as suas duvidas, al\u00e9m de ter muita expertise no assunto.","breadcrumb":{"@id":"https:\/\/pllaw.com.br\/index.php\/socio-da-pllaw\/#breadcrumb"},"inLanguage":"pt-BR","potentialAction":[{"@type":"ReadAction","target":["https:\/\/pllaw.com.br\/index.php\/socio-da-pllaw\/"]}]},{"@type":"BreadcrumbList","@id":"https:\/\/pllaw.com.br\/index.php\/socio-da-pllaw\/#breadcrumb","itemListElement":[{"@type":"ListItem","position":1,"name":"In\u00edcio","item":"https:\/\/pllaw.com.br\/"},{"@type":"ListItem","position":2,"name":"S\u00f3cio"}]},{"@type":"WebSite","@id":"https:\/\/pllaw.com.br\/#website","url":"https:\/\/pllaw.com.br\/","name":"pllaw","description":"Site de Advocacia","publisher":{"@id":"https:\/\/pllaw.com.br\/#organization"},"alternateName":"PL","potentialAction":[{"@type":"SearchAction","target":{"@type":"EntryPoint","urlTemplate":"https:\/\/pllaw.com.br\/?s={search_term_string}"},"query-input":{"@type":"PropertyValueSpecification","valueRequired":true,"valueName":"search_term_string"}}],"inLanguage":"pt-BR"},{"@type":"Organization","@id":"https:\/\/pllaw.com.br\/#organization","name":"Pllaw","alternateName":"PL","url":"https:\/\/pllaw.com.br\/","logo":{"@type":"ImageObject","inLanguage":"pt-BR","@id":"https:\/\/pllaw.com.br\/#\/schema\/logo\/image\/","url":"https:\/\/pllaw.com.br\/wp-content\/uploads\/2024\/02\/PLLAW-OK-02.png","contentUrl":"https:\/\/pllaw.com.br\/wp-content\/uploads\/2024\/02\/PLLAW-OK-02.png","width":960,"height":962,"caption":"Pllaw"},"image":{"@id":"https:\/\/pllaw.com.br\/#\/schema\/logo\/image\/"},"sameAs":["https:\/\/www.facebook.com\/people\/Angelo-Pllaw\/pfbid028VJUY3kZ4D4ZMXXqki7bta8rZCiFN4YeZL7FQKzJTL9WME3gKAmo8La8CcXzAEZyl\/","https:\/\/x.com\/PllawDigi"]}]}},"_links":{"self":[{"href":"https:\/\/pllaw.com.br\/index.php\/wp-json\/wp\/v2\/pages\/11057","targetHints":{"allow":["GET"]}}],"collection":[{"href":"https:\/\/pllaw.com.br\/index.php\/wp-json\/wp\/v2\/pages"}],"about":[{"href":"https:\/\/pllaw.com.br\/index.php\/wp-json\/wp\/v2\/types\/page"}],"author":[{"embeddable":true,"href":"https:\/\/pllaw.com.br\/index.php\/wp-json\/wp\/v2\/users\/1"}],"replies":[{"embeddable":true,"href":"https:\/\/pllaw.com.br\/index.php\/wp-json\/wp\/v2\/comments?post=11057"}],"version-history":[{"count":14,"href":"https:\/\/pllaw.com.br\/index.php\/wp-json\/wp\/v2\/pages\/11057\/revisions"}],"predecessor-version":[{"id":11732,"href":"https:\/\/pllaw.com.br\/index.php\/wp-json\/wp\/v2\/pages\/11057\/revisions\/11732"}],"wp:attachment":[{"href":"https:\/\/pllaw.com.br\/index.php\/wp-json\/wp\/v2\/media?parent=11057"}],"curies":[{"name":"wp","href":"https:\/\/api.w.org\/{rel}","templated":true}]}}