{"id":11777,"date":"2025-03-07T14:50:17","date_gmt":"2025-03-07T17:50:17","guid":{"rendered":"https:\/\/pllaw.com.br\/?page_id=11777"},"modified":"2025-03-08T14:18:27","modified_gmt":"2025-03-08T17:18:27","slug":"legislcao","status":"publish","type":"page","link":"https:\/\/pllaw.com.br\/index.php\/legislcao\/","title":{"rendered":"Legisl\u00e7\u00e3o"},"content":{"rendered":"\n<p>[\/tm-servicebox][vc_btn title=&#8221;clique aqui e saiba mais&#8221; align=&#8221;right&#8221; link=&#8221;url:https%3A%2F%2Fpllaw.com.br%2Findex.php%2Fdireito-tributario%2F|||&#8221;][\/vc_column_inner][vc_column_inner width=&#8221;1\/2&#8243;][\/vc_column_inner][\/vc_row_inner][\/vc_column][\/vc_row][vc_row break_in_responsive_996=&#8221;true&#8221; css=&#8221;.vc_custom_1464699708161{padding-bottom: 60px !important;}&#8221;][vc_column width=&#8221;1\/3&#8243;][vc_empty_space height=&#8221;80px&#8221;][vc_single_image image=&#8221;11164&#8243; img_size=&#8221;500&#215;500&#8243; alignment=&#8221;center&#8221;][\/vc_column][vc_column width=&#8221;2\/3&#8243; css=&#8221;.vc_custom_1741347395922{margin-top: 0px !important;margin-bottom: 0px !important;border-top-width: 0px !important;border-bottom-width: 0px !important;padding-top: 0px !important;padding-bottom: 0px !important;}&#8221;][vc_tta_tabs]<\/p>\n\n\n<p>[vc_tta_section title=&#8221;Not\u00edcias&#8221; tab_id=&#8221;1741371498408-5d69ec27-a26d&#8221;][vc_custom_heading text=&#8221;A Reforma do Imposto de Renda e o Imposto dos Milion\u00e1rios: O Caminho para uma Tributa\u00e7\u00e3o Mais Justa?&#8221; font_container=&#8221;tag:h2|font_size:17px|text_align:left&#8221; google_fonts=&#8221;font_family:Roboto%20Condensed%3A300%2C300italic%2Cregular%2Citalic%2C700%2C700italic|font_style:700%20bold%20regular%3A700%3Anormal&#8221;][vc_row_inner][vc_column_inner width=&#8221;1\/3&#8243;][vc_single_image image=&#8221;10743&#8243; img_size=&#8221;full&#8221;][\/vc_column_inner][vc_column_inner width=&#8221;2\/3&#8243;][vc_custom_heading text=&#8221;Direito Tribut\u00e1rio&#8221; font_container=&#8221;tag:h2|font_size:17px|text_align:left&#8221; google_fonts=&#8221;font_family:Roboto%20Condensed%3A300%2C300italic%2Cregular%2Citalic%2C700%2C700italic|font_style:400%20regular%3A400%3Anormal&#8221; el_class=&#8221;tm-skincolor&#8221;][vc_column_text]Nos \u00faltimos meses, a proposta de reforma do Imposto de Renda (IR) e a cria\u00e7\u00e3o de um imposto voltado para os milion\u00e1rios t\u00eam gerado debates intensos no cen\u00e1rio pol\u00edtico e econ\u00f4mico do Brasil. Esta reforma busca n\u00e3o apenas simplificar a arrecada\u00e7\u00e3o tribut\u00e1ria, mas tamb\u00e9m promover uma distribui\u00e7\u00e3o mais equilibrada da carga fiscal, impactando especialmente as camadas mais altas de renda.<\/p>\n<p>O foco principal dessa reforma \u00e9 aumentar a progressividade do sistema tribut\u00e1rio, o que significa que aqueles com maior capacidade contributiva, especialmente os milion\u00e1rios, passar\u00e3o a pagar mais impostos. O governo tem defendido essa medida como uma forma de combater a desigualdade social, utilizando os recursos adicionais para financiar programas sociais e melhorar a infraestrutura do pa\u00eds<\/p>\n<p>O foco principal dessa reforma \u00e9 aumentar a progressividade do sistema tribut\u00e1rio, o que significa que aqueles com maior capacidade contributiva, especialmente os milion\u00e1rios, passar\u00e3o a pagar mais impostos. O governo tem defendido essa medida como uma forma de combater a desigualdade social, utilizando os recursos adicionais para financiar programas sociais e melhorar a infraestrutura do pa\u00eds.[\/vc_column_text][\/vc_column_inner][\/vc_row_inner][vc_column_text css=&#8221;.vc_custom_1741368928638{margin-top: 0px !important;border-top-width: 0px !important;padding-top: 0px !important;}&#8221;]<strong>O que muda no Imposto de Renda?<\/strong><\/p>\n<p>A reforma prev\u00ea a amplia\u00e7\u00e3o da faixa de isen\u00e7\u00e3o do Imposto de Renda, o que beneficiaria trabalhadores de baixa renda, enquanto aumenta as al\u00edquotas para as faixas mais altas. Ao mesmo tempo, h\u00e1 uma proposta de criar um imposto sobre grandes fortunas ou uma tributa\u00e7\u00e3o adicional sobre os \u201csuper-ricos\u201d, que inclui patrim\u00f4nio elevado, dividendos e rendas de capital, que hoje s\u00e3o pouco tributados no Brasil.<\/p>\n<p>&nbsp;<\/p>\n<p><strong>O Imposto dos Milion\u00e1rios:<\/strong><\/p>\n<p>A ideia de tributar grandes fortunas ou criar um imposto espec\u00edfico para milion\u00e1rios tem ganhado for\u00e7a como forma de corrigir distor\u00e7\u00f5es no sistema atual, em que a renda proveniente do trabalho \u00e9 mais tributada do que a renda do capital. Este imposto seria uma al\u00edquota adicional sobre patrim\u00f4nios superiores a um determinado valor, incluindo ativos como im\u00f3veis, investimentos e participa\u00e7\u00f5es societ\u00e1rias.<\/p>\n<p>Embora a medida tenha sido amplamente apoiada por alguns setores da sociedade, cr\u00edticos apontam poss\u00edveis efeitos negativos, como a fuga de capitais e o desest\u00edmulo ao investimento, especialmente entre empres\u00e1rios e investidores de alto patrim\u00f4nio.<\/p>\n<p>&nbsp;<\/p>\n<p><strong>Benef\u00edcios e Desafios:<\/strong><\/p>\n<p>A proposta de reforma do IR e o imposto dos milion\u00e1rios representam uma tentativa de tornar o sistema tribut\u00e1rio brasileiro mais justo e progressivo. No entanto, sua implementa\u00e7\u00e3o enfrenta desafios significativos. Entre os benef\u00edcios esperados est\u00e3o o aumento da arrecada\u00e7\u00e3o e o combate \u00e0 desigualdade, enquanto os cr\u00edticos temem que o aumento da carga sobre os ricos possa afetar a competitividade e a atra\u00e7\u00e3o de investimentos.<\/p>\n<p>A reforma ainda est\u00e1 em discuss\u00e3o e \u00e9 fundamental que o debate sobre o impacto econ\u00f4mico e social dessas mudan\u00e7as continue, garantindo que a reforma atenda \u00e0s necessidades do pa\u00eds sem prejudicar o crescimento econ\u00f4mico.[\/vc_column_text][vc_btn title=&#8221;Veja mais not\u00edcias&#8221; align=&#8221;right&#8221; link=&#8221;url:https%3A%2F%2Fpllaw.com.br%2Findex.php%2Fnoticias%2F|title:Not%C3%ADcias||&#8221;][\/vc_tta_section]<\/p>\n\n\n\n<p>[vc_tta_section title=&#8221;Legisla\u00e7\u00f5es&#8221; tab_id=&#8221;1741371498509-fb56217a-df17&#8243;][vc_custom_heading text=&#8221;LEGAL REPRESENTATION IN LITIGATION CASES&#8221; font_container=&#8221;tag:h2|font_size:17px|text_align:left&#8221; google_fonts=&#8221;font_family:Roboto%20Condensed%3A300%2C300italic%2Cregular%2Citalic%2C700%2C700italic|font_style:700%20bold%20regular%3A700%3Anormal&#8221;][vc_custom_heading text=&#8221;LEGAL ADVICE&#8221; font_container=&#8221;tag:h2|font_size:17px|text_align:left&#8221; google_fonts=&#8221;font_family:Roboto%20Condensed%3A300%2C300italic%2Cregular%2Citalic%2C700%2C700italic|font_style:400%20regular%3A400%3Anormal&#8221; el_class=&#8221;tm-skincolor&#8221;][vc_row_inner][vc_column_inner width=&#8221;1\/3&#8243;][vc_single_image image=&#8221;10745&#8243; img_size=&#8221;full&#8221;][\/vc_column_inner][vc_column_inner width=&#8221;2\/3&#8243;]<ul class=\"tm-list tm-list-style-icon\"><li><i class=\"tm-skincolor fa fa-check-circle\"><\/i>Lorem ipsum dolor sit amet<\/li><li><i class=\"tm-skincolor fa fa-check-circle\"><\/i>Vestibulum consequat ante <\/li><li><i class=\"tm-skincolor fa fa-check-circle\"><\/i>Donec malesuada massa vitae<\/li><li><i class=\"tm-skincolor fa fa-check-circle\"><\/i>Fusce a lacus non enim elementum<\/li><\/ul>[\/vc_column_inner][\/vc_row_inner][vc_column_text]Lorem ipsum dolor sit amet, consectetur adipiscing elit, sed do eiusmod tempor incididunt ut labore et dolore. Excepteur sint occaecat cupidatat non proident. Sed ut perspiciatis unde omnis iste natus error sit voluptatem accusantium doloremque laudantium totam.[\/vc_column_text][vc_btn title=&#8221;Veja mais legisla\u00e7\u00f5es&#8221; align=&#8221;right&#8221; link=&#8221;url:https%3A%2F%2Fpllaw.com.br%2Findex.php%2Flegislcao%2F|title:Legisl%C3%A7%C3%A3o||&#8221;][\/vc_tta_section][vc_tta_section title=&#8221;Vis\u00e3o Tribut\u00e1ria&#8221; tab_id=&#8221;1741371498622-8ce5a0cc-33a8&#8243;][vc_custom_heading text=&#8221;LEGAL REPRESENTATION IN LITIGATION CASES&#8221; font_container=&#8221;tag:h2|font_size:17px|text_align:left&#8221; google_fonts=&#8221;font_family:Roboto%20Condensed%3A300%2C300italic%2Cregular%2Citalic%2C700%2C700italic|font_style:700%20bold%20regular%3A700%3Anormal&#8221;][vc_row_inner][vc_column_inner width=&#8221;2\/3&#8243;][vc_custom_heading text=&#8221;TRAFFIC OFFENSE&#8221; font_container=&#8221;tag:h2|font_size:17px|text_align:left&#8221; google_fonts=&#8221;font_family:Roboto%20Condensed%3A300%2C300italic%2Cregular%2Citalic%2C700%2C700italic|font_style:400%20regular%3A400%3Anormal&#8221; el_class=&#8221;tm-skincolor&#8221;][vc_column_text]Lorem ipsum dolor sit amet, consectetur adipiscing elit, sed do eiusmod tempor incididunt ut labore et dolore. Excepteur sint occaecat cupidatat non proident.Sed ut perspiciatis unde omnis iste natus error sit voluptatem accusantium doloremque laudantium, totam[\/vc_column_text][\/vc_column_inner][vc_column_inner width=&#8221;1\/3&#8243;][vc_single_image image=&#8221;10745&#8243; img_size=&#8221;full&#8221;][\/vc_column_inner][\/vc_row_inner][vc_column_text]Lorem ipsum dolor sit amet, consectetur adipiscing elit, sed do eiusmod tempor incididunt ut labore et dolore. Excepteur sint occaecat cupidatat non proident. Sed ut perspiciatis unde omnis iste natus error sit voluptatem accusantium doloremque laudantium, totam.[\/vc_column_text][vc_btn title=&#8221;veja mais sobre vis\u00e3o tribut\u00e1ria&#8221; align=&#8221;right&#8221; link=&#8221;url:https%3A%2F%2Fpllaw.com.br%2Findex.php%2Fvisao-tributaria%2F|title:Vis%C3%A3o%20Tribut%C3%A1ria||&#8221;][\/vc_tta_section][vc_tta_section title=&#8221;Jurisprud\u00eancia&#8221; tab_id=&#8221;1741371498738-a2237f86-ec6d&#8221;][vc_custom_heading text=&#8221;LEGAL REPRESENTATION IN LITIGATION CASES&#8221; font_container=&#8221;tag:h2|font_size:17px|text_align:left&#8221; google_fonts=&#8221;font_family:Roboto%20Condensed%3A300%2C300italic%2Cregular%2Citalic%2C700%2C700italic|font_style:700%20bold%20regular%3A700%3Anormal&#8221;][vc_row_inner][vc_column_inner width=&#8221;1\/3&#8243;][vc_single_image image=&#8221;10743&#8243; img_size=&#8221;full&#8221;][\/vc_column_inner]<\/p>\n","protected":false},"excerpt":{"rendered":"<p>[\/tm-servicebox][vc_btn title=&#8221;clique aqui e saiba mais&#8221; align=&#8221;right&#8221; link=&#8221;url:https%3A%2F%2Fpllaw.com.br%2Findex.php%2Fdireito-tributario%2F|||&#8221;][\/vc_column_inner][vc_column_inner width=&#8221;1\/2&#8243;][\/vc_column_inner][\/vc_row_inner][\/vc_column][\/vc_row][vc_row break_in_responsive_996=&#8221;true&#8221; css=&#8221;.vc_custom_1464699708161{padding-bottom: 60px !important;}&#8221;][vc_column width=&#8221;1\/3&#8243;][vc_empty_space height=&#8221;80px&#8221;][vc_single_image image=&#8221;11164&#8243; img_size=&#8221;500&#215;500&#8243; alignment=&#8221;center&#8221;][\/vc_column][vc_column width=&#8221;2\/3&#8243; css=&#8221;.vc_custom_1741347395922{margin-top: 0px !important;margin-bottom: 0px !important;border-top-width: 0px !important;border-bottom-width: 0px !important;padding-top: 0px !important;padding-bottom: 0px !important;}&#8221;][vc_tta_tabs] [vc_tta_section title=&#8221;Legisla\u00e7\u00f5es&#8221; tab_id=&#8221;1741371498509-fb56217a-df17&#8243;][vc_custom_heading text=&#8221;LEGAL REPRESENTATION IN LITIGATION CASES&#8221; font_container=&#8221;tag:h2|font_size:17px|text_align:left&#8221; google_fonts=&#8221;font_family:Roboto%20Condensed%3A300%2C300italic%2Cregular%2Citalic%2C700%2C700italic|font_style:700%20bold%20regular%3A700%3Anormal&#8221;][vc_custom_heading text=&#8221;LEGAL ADVICE&#8221; font_container=&#8221;tag:h2|font_size:17px|text_align:left&#8221; google_fonts=&#8221;font_family:Roboto%20Condensed%3A300%2C300italic%2Cregular%2Citalic%2C700%2C700italic|font_style:400%20regular%3A400%3Anormal&#8221; el_class=&#8221;tm-skincolor&#8221;][vc_row_inner][vc_column_inner width=&#8221;1\/3&#8243;][vc_single_image image=&#8221;10745&#8243; img_size=&#8221;full&#8221;][\/vc_column_inner][vc_column_inner width=&#8221;2\/3&#8243;][\/vc_column_inner][\/vc_row_inner][vc_column_text]Lorem ipsum dolor sit amet, [&hellip;]<\/p>\n","protected":false},"author":1,"featured_media":0,"parent":0,"menu_order":0,"comment_status":"closed","ping_status":"closed","template":"","meta":{"footnotes":""},"class_list":["post-11777","page","type-page","status-publish","hentry"],"yoast_head":"<!-- This site is optimized with the Yoast SEO plugin v24.6 - https:\/\/yoast.com\/wordpress\/plugins\/seo\/ -->\n<title>Legisl\u00e7\u00e3o - Pllaw<\/title>\n<meta name=\"robots\" content=\"index, follow, max-snippet:-1, max-image-preview:large, max-video-preview:-1\" \/>\n<link rel=\"canonical\" href=\"https:\/\/pllaw.com.br\/index.php\/legislcao\/\" \/>\n<meta property=\"og:locale\" content=\"pt_BR\" \/>\n<meta property=\"og:type\" content=\"article\" \/>\n<meta property=\"og:title\" content=\"Legisl\u00e7\u00e3o - Pllaw\" \/>\n<meta property=\"og:description\" content=\"[\/tm-servicebox][vc_btn title=&#8221;clique aqui e saiba mais&#8221; align=&#8221;right&#8221; link=&#8221;url:https%3A%2F%2Fpllaw.com.br%2Findex.php%2Fdireito-tributario%2F|||&#8221;][\/vc_column_inner][vc_column_inner width=&#8221;1\/2&#8243;][\/vc_column_inner][\/vc_row_inner][\/vc_column][\/vc_row][vc_row break_in_responsive_996=&#8221;true&#8221; css=&#8221;.vc_custom_1464699708161{padding-bottom: 60px !important;}&#8221;][vc_column width=&#8221;1\/3&#8243;][vc_empty_space height=&#8221;80px&#8221;][vc_single_image image=&#8221;11164&#8243; img_size=&#8221;500&#215;500&#8243; alignment=&#8221;center&#8221;][\/vc_column][vc_column width=&#8221;2\/3&#8243; css=&#8221;.vc_custom_1741347395922{margin-top: 0px !important;margin-bottom: 0px !important;border-top-width: 0px !important;border-bottom-width: 0px !important;padding-top: 0px !important;padding-bottom: 0px !important;}&#8221;][vc_tta_tabs] [vc_tta_section title=&#8221;Legisla\u00e7\u00f5es&#8221; tab_id=&#8221;1741371498509-fb56217a-df17&#8243;][vc_custom_heading text=&#8221;LEGAL REPRESENTATION IN LITIGATION CASES&#8221; font_container=&#8221;tag:h2|font_size:17px|text_align:left&#8221; google_fonts=&#8221;font_family:Roboto%20Condensed%3A300%2C300italic%2Cregular%2Citalic%2C700%2C700italic|font_style:700%20bold%20regular%3A700%3Anormal&#8221;][vc_custom_heading text=&#8221;LEGAL ADVICE&#8221; font_container=&#8221;tag:h2|font_size:17px|text_align:left&#8221; google_fonts=&#8221;font_family:Roboto%20Condensed%3A300%2C300italic%2Cregular%2Citalic%2C700%2C700italic|font_style:400%20regular%3A400%3Anormal&#8221; el_class=&#8221;tm-skincolor&#8221;][vc_row_inner][vc_column_inner width=&#8221;1\/3&#8243;][vc_single_image image=&#8221;10745&#8243; img_size=&#8221;full&#8221;][\/vc_column_inner][vc_column_inner width=&#8221;2\/3&#8243;][\/vc_column_inner][\/vc_row_inner][vc_column_text]Lorem ipsum dolor sit amet, [&hellip;]\" \/>\n<meta property=\"og:url\" content=\"https:\/\/pllaw.com.br\/index.php\/legislcao\/\" \/>\n<meta property=\"og:site_name\" content=\"Pllaw\" \/>\n<meta property=\"article:publisher\" content=\"https:\/\/www.facebook.com\/people\/Angelo-Pllaw\/pfbid028VJUY3kZ4D4ZMXXqki7bta8rZCiFN4YeZL7FQKzJTL9WME3gKAmo8La8CcXzAEZyl\/\" \/>\n<meta property=\"article:modified_time\" content=\"2025-03-08T17:18:27+00:00\" \/>\n<meta property=\"og:image\" content=\"https:\/\/pllaw.com.br\/wp-content\/uploads\/2024\/02\/PLLAW-OK-02-1.png\" \/>\n\t<meta property=\"og:image:width\" content=\"960\" \/>\n\t<meta property=\"og:image:height\" content=\"962\" \/>\n\t<meta property=\"og:image:type\" content=\"image\/png\" \/>\n<meta name=\"twitter:card\" content=\"summary_large_image\" \/>\n<meta name=\"twitter:site\" content=\"@PllawDigi\" \/>\n<meta name=\"twitter:label1\" content=\"Est. tempo de leitura\" \/>\n\t<meta name=\"twitter:data1\" content=\"4 minutos\" \/>\n<script type=\"application\/ld+json\" class=\"yoast-schema-graph\">{\"@context\":\"https:\/\/schema.org\",\"@graph\":[{\"@type\":\"WebPage\",\"@id\":\"https:\/\/pllaw.com.br\/index.php\/legislcao\/\",\"url\":\"https:\/\/pllaw.com.br\/index.php\/legislcao\/\",\"name\":\"Legisl\u00e7\u00e3o - Pllaw\",\"isPartOf\":{\"@id\":\"https:\/\/pllaw.com.br\/#website\"},\"datePublished\":\"2025-03-07T17:50:17+00:00\",\"dateModified\":\"2025-03-08T17:18:27+00:00\",\"breadcrumb\":{\"@id\":\"https:\/\/pllaw.com.br\/index.php\/legislcao\/#breadcrumb\"},\"inLanguage\":\"pt-BR\",\"potentialAction\":[{\"@type\":\"ReadAction\",\"target\":[\"https:\/\/pllaw.com.br\/index.php\/legislcao\/\"]}]},{\"@type\":\"BreadcrumbList\",\"@id\":\"https:\/\/pllaw.com.br\/index.php\/legislcao\/#breadcrumb\",\"itemListElement\":[{\"@type\":\"ListItem\",\"position\":1,\"name\":\"In\u00edcio\",\"item\":\"https:\/\/pllaw.com.br\/\"},{\"@type\":\"ListItem\",\"position\":2,\"name\":\"Legisl\u00e7\u00e3o\"}]},{\"@type\":\"WebSite\",\"@id\":\"https:\/\/pllaw.com.br\/#website\",\"url\":\"https:\/\/pllaw.com.br\/\",\"name\":\"pllaw\",\"description\":\"Site de Advocacia\",\"publisher\":{\"@id\":\"https:\/\/pllaw.com.br\/#organization\"},\"alternateName\":\"PL\",\"potentialAction\":[{\"@type\":\"SearchAction\",\"target\":{\"@type\":\"EntryPoint\",\"urlTemplate\":\"https:\/\/pllaw.com.br\/?s={search_term_string}\"},\"query-input\":{\"@type\":\"PropertyValueSpecification\",\"valueRequired\":true,\"valueName\":\"search_term_string\"}}],\"inLanguage\":\"pt-BR\"},{\"@type\":\"Organization\",\"@id\":\"https:\/\/pllaw.com.br\/#organization\",\"name\":\"Pllaw\",\"alternateName\":\"PL\",\"url\":\"https:\/\/pllaw.com.br\/\",\"logo\":{\"@type\":\"ImageObject\",\"inLanguage\":\"pt-BR\",\"@id\":\"https:\/\/pllaw.com.br\/#\/schema\/logo\/image\/\",\"url\":\"https:\/\/pllaw.com.br\/wp-content\/uploads\/2024\/02\/PLLAW-OK-02.png\",\"contentUrl\":\"https:\/\/pllaw.com.br\/wp-content\/uploads\/2024\/02\/PLLAW-OK-02.png\",\"width\":960,\"height\":962,\"caption\":\"Pllaw\"},\"image\":{\"@id\":\"https:\/\/pllaw.com.br\/#\/schema\/logo\/image\/\"},\"sameAs\":[\"https:\/\/www.facebook.com\/people\/Angelo-Pllaw\/pfbid028VJUY3kZ4D4ZMXXqki7bta8rZCiFN4YeZL7FQKzJTL9WME3gKAmo8La8CcXzAEZyl\/\",\"https:\/\/x.com\/PllawDigi\"]}]}<\/script>\n<!-- \/ Yoast SEO plugin. -->","yoast_head_json":{"title":"Legisl\u00e7\u00e3o - Pllaw","robots":{"index":"index","follow":"follow","max-snippet":"max-snippet:-1","max-image-preview":"max-image-preview:large","max-video-preview":"max-video-preview:-1"},"canonical":"https:\/\/pllaw.com.br\/index.php\/legislcao\/","og_locale":"pt_BR","og_type":"article","og_title":"Legisl\u00e7\u00e3o - Pllaw","og_description":"[\/tm-servicebox][vc_btn title=&#8221;clique aqui e saiba mais&#8221; align=&#8221;right&#8221; link=&#8221;url:https%3A%2F%2Fpllaw.com.br%2Findex.php%2Fdireito-tributario%2F|||&#8221;][\/vc_column_inner][vc_column_inner width=&#8221;1\/2&#8243;][\/vc_column_inner][\/vc_row_inner][\/vc_column][\/vc_row][vc_row break_in_responsive_996=&#8221;true&#8221; css=&#8221;.vc_custom_1464699708161{padding-bottom: 60px !important;}&#8221;][vc_column width=&#8221;1\/3&#8243;][vc_empty_space height=&#8221;80px&#8221;][vc_single_image image=&#8221;11164&#8243; img_size=&#8221;500&#215;500&#8243; alignment=&#8221;center&#8221;][\/vc_column][vc_column width=&#8221;2\/3&#8243; css=&#8221;.vc_custom_1741347395922{margin-top: 0px !important;margin-bottom: 0px !important;border-top-width: 0px !important;border-bottom-width: 0px !important;padding-top: 0px !important;padding-bottom: 0px !important;}&#8221;][vc_tta_tabs] [vc_tta_section title=&#8221;Legisla\u00e7\u00f5es&#8221; tab_id=&#8221;1741371498509-fb56217a-df17&#8243;][vc_custom_heading text=&#8221;LEGAL REPRESENTATION IN LITIGATION CASES&#8221; font_container=&#8221;tag:h2|font_size:17px|text_align:left&#8221; google_fonts=&#8221;font_family:Roboto%20Condensed%3A300%2C300italic%2Cregular%2Citalic%2C700%2C700italic|font_style:700%20bold%20regular%3A700%3Anormal&#8221;][vc_custom_heading text=&#8221;LEGAL ADVICE&#8221; font_container=&#8221;tag:h2|font_size:17px|text_align:left&#8221; google_fonts=&#8221;font_family:Roboto%20Condensed%3A300%2C300italic%2Cregular%2Citalic%2C700%2C700italic|font_style:400%20regular%3A400%3Anormal&#8221; el_class=&#8221;tm-skincolor&#8221;][vc_row_inner][vc_column_inner width=&#8221;1\/3&#8243;][vc_single_image image=&#8221;10745&#8243; img_size=&#8221;full&#8221;][\/vc_column_inner][vc_column_inner width=&#8221;2\/3&#8243;][\/vc_column_inner][\/vc_row_inner][vc_column_text]Lorem ipsum dolor sit amet, [&hellip;]","og_url":"https:\/\/pllaw.com.br\/index.php\/legislcao\/","og_site_name":"Pllaw","article_publisher":"https:\/\/www.facebook.com\/people\/Angelo-Pllaw\/pfbid028VJUY3kZ4D4ZMXXqki7bta8rZCiFN4YeZL7FQKzJTL9WME3gKAmo8La8CcXzAEZyl\/","article_modified_time":"2025-03-08T17:18:27+00:00","og_image":[{"width":960,"height":962,"url":"https:\/\/pllaw.com.br\/wp-content\/uploads\/2024\/02\/PLLAW-OK-02-1.png","type":"image\/png"}],"twitter_card":"summary_large_image","twitter_site":"@PllawDigi","twitter_misc":{"Est. tempo de leitura":"4 minutos"},"schema":{"@context":"https:\/\/schema.org","@graph":[{"@type":"WebPage","@id":"https:\/\/pllaw.com.br\/index.php\/legislcao\/","url":"https:\/\/pllaw.com.br\/index.php\/legislcao\/","name":"Legisl\u00e7\u00e3o - Pllaw","isPartOf":{"@id":"https:\/\/pllaw.com.br\/#website"},"datePublished":"2025-03-07T17:50:17+00:00","dateModified":"2025-03-08T17:18:27+00:00","breadcrumb":{"@id":"https:\/\/pllaw.com.br\/index.php\/legislcao\/#breadcrumb"},"inLanguage":"pt-BR","potentialAction":[{"@type":"ReadAction","target":["https:\/\/pllaw.com.br\/index.php\/legislcao\/"]}]},{"@type":"BreadcrumbList","@id":"https:\/\/pllaw.com.br\/index.php\/legislcao\/#breadcrumb","itemListElement":[{"@type":"ListItem","position":1,"name":"In\u00edcio","item":"https:\/\/pllaw.com.br\/"},{"@type":"ListItem","position":2,"name":"Legisl\u00e7\u00e3o"}]},{"@type":"WebSite","@id":"https:\/\/pllaw.com.br\/#website","url":"https:\/\/pllaw.com.br\/","name":"pllaw","description":"Site de Advocacia","publisher":{"@id":"https:\/\/pllaw.com.br\/#organization"},"alternateName":"PL","potentialAction":[{"@type":"SearchAction","target":{"@type":"EntryPoint","urlTemplate":"https:\/\/pllaw.com.br\/?s={search_term_string}"},"query-input":{"@type":"PropertyValueSpecification","valueRequired":true,"valueName":"search_term_string"}}],"inLanguage":"pt-BR"},{"@type":"Organization","@id":"https:\/\/pllaw.com.br\/#organization","name":"Pllaw","alternateName":"PL","url":"https:\/\/pllaw.com.br\/","logo":{"@type":"ImageObject","inLanguage":"pt-BR","@id":"https:\/\/pllaw.com.br\/#\/schema\/logo\/image\/","url":"https:\/\/pllaw.com.br\/wp-content\/uploads\/2024\/02\/PLLAW-OK-02.png","contentUrl":"https:\/\/pllaw.com.br\/wp-content\/uploads\/2024\/02\/PLLAW-OK-02.png","width":960,"height":962,"caption":"Pllaw"},"image":{"@id":"https:\/\/pllaw.com.br\/#\/schema\/logo\/image\/"},"sameAs":["https:\/\/www.facebook.com\/people\/Angelo-Pllaw\/pfbid028VJUY3kZ4D4ZMXXqki7bta8rZCiFN4YeZL7FQKzJTL9WME3gKAmo8La8CcXzAEZyl\/","https:\/\/x.com\/PllawDigi"]}]}},"_links":{"self":[{"href":"https:\/\/pllaw.com.br\/index.php\/wp-json\/wp\/v2\/pages\/11777","targetHints":{"allow":["GET"]}}],"collection":[{"href":"https:\/\/pllaw.com.br\/index.php\/wp-json\/wp\/v2\/pages"}],"about":[{"href":"https:\/\/pllaw.com.br\/index.php\/wp-json\/wp\/v2\/types\/page"}],"author":[{"embeddable":true,"href":"https:\/\/pllaw.com.br\/index.php\/wp-json\/wp\/v2\/users\/1"}],"replies":[{"embeddable":true,"href":"https:\/\/pllaw.com.br\/index.php\/wp-json\/wp\/v2\/comments?post=11777"}],"version-history":[{"count":2,"href":"https:\/\/pllaw.com.br\/index.php\/wp-json\/wp\/v2\/pages\/11777\/revisions"}],"predecessor-version":[{"id":11788,"href":"https:\/\/pllaw.com.br\/index.php\/wp-json\/wp\/v2\/pages\/11777\/revisions\/11788"}],"wp:attachment":[{"href":"https:\/\/pllaw.com.br\/index.php\/wp-json\/wp\/v2\/media?parent=11777"}],"curies":[{"name":"wp","href":"https:\/\/api.w.org\/{rel}","templated":true}]}}